{"id":194,"date":"2016-02-15T23:00:39","date_gmt":"2016-02-15T23:00:39","guid":{"rendered":"https:\/\/sandbox.favethemes.com\/houzez\/?page_id=194"},"modified":"2020-06-05T16:26:06","modified_gmt":"2020-06-05T14:26:06","slug":"homepage-with-map","status":"publish","type":"page","link":"https:\/\/immo24seven.at\/wordpress\/","title":{"rendered":"Homepage"},"content":{"rendered":"<div class=\"wpb-content-wrapper\"><p>[vc_row][vc_column][vc_empty_space height=&#8220;100&#8243;][vc_column_text]<\/p>\n<h1 class=\"p1\" style=\"text-align: center;\"><span class=\"s1\"><b>24seven Immobilien GmbH<\/b><\/span><\/h1>\n<p style=\"text-align: center;\"><strong>Nutzen Sie die Vorteile einer professionellen Immobilienvermittlung und kontaktieren Sie uns.<br \/>\n<\/strong>Unsere Ansprechpartner stehen Ihnen gerne telefonisch oder per E-Mail zur Verf\u00fcgung.<\/p>\n<p>[\/vc_column_text][vc_empty_space height=&#8220;60&#8243;][\/vc_column][\/vc_row][vc_row][vc_column width=&#8220;1\/2&#8243;]\n        <div id=\"property-item-module\" class=\"property-item-module\">\n            <div class=\"row grid-row\">\n\n                <div id=\"ID-2744\" class=\"item-wrap\">\n    <div class=\"property-item item-grid\">\n        <div class=\"figure-block\">\n            <figure class=\"item-thumb\">\n                    <span class=\"label-featured label label-success\">Angesagt<\/span>\n\n                <div class=\"label-wrap label-right hide-on-list\">\n                    <span class=\"label-status label-status-32 label label-default\"><a href=\"https:\/\/immo24seven.at\/wordpress\/index.php\/status\/kaufen\/\">Kaufen<\/a><\/span>                <\/div>\n\n                <div class=\"price hide-on-list\">\n                    <span class=\"item-price\">\u20ac1,300,000<\/span>                <\/div>\n                <a class=\"hover-effect\" href=\"https:\/\/immo24seven.at\/wordpress\/index.php\/property\/gewerbeobjekt\/\">\n                    <img fetchpriority=\"high\" decoding=\"async\" width=\"385\" height=\"258\" src=\"https:\/\/immo24seven.at\/wordpress\/wp-content\/uploads\/2021\/11\/VerkauftHalle-385x258.jpg\" class=\"attachment-houzez-property-thumb-image size-houzez-property-thumb-image wp-post-image\" alt=\"24seven immobilien leoben gewerbe\" srcset=\"https:\/\/immo24seven.at\/wordpress\/wp-content\/uploads\/2021\/11\/VerkauftHalle-385x258.jpg 385w, https:\/\/immo24seven.at\/wordpress\/wp-content\/uploads\/2021\/11\/VerkauftHalle-272x182.jpg 272w\" sizes=\"(max-width: 385px) 100vw, 385px\" \/>                <\/a>\n                <ul class=\"actions\">\n\n    \n        \n        <li>\n        <span data-toggle=\"tooltip\" data-placement=\"top\" title=\"(35) \">\n            <i class=\"fa fa-camera\"><\/i>\n        <\/span>\n    <\/li>\n    \n        <li>\n        <span id=\"compare-link-2744\" class=\"compare-property\" data-propid=\"2744\" data-toggle=\"tooltip\" data-placement=\"top\" title=\"Vergleichen\">\n            <i class=\"fa fa-plus\"><\/i>\n        <\/span>\n    <\/li>\n    <\/ul>\n            <\/figure>\n        <\/div>\n        <div class=\"item-body\">\n\n            <div class=\"body-left\">\n                <div class=\"info-row\">\n\n                    <h3 class=\"property-title\"><a href=\"https:\/\/immo24seven.at\/wordpress\/index.php\/property\/gewerbeobjekt\/\">Gewerbeobjekt<\/a><\/h3><address class=\"property-address\">77, K\u00e4rntner Stra\u00dfe, Leoben, 8700, \u00d6sterreich<\/address>                <\/div>\n                <div class=\"table-list full-width info-row\">\n                    <div class=\"cell\">\n                        <div class=\"info-row amenities\">\n                            <p><span class=\"h-area\">m\u00b2: 3820<\/span><\/p>                            <p><\/p>\n                        <\/div>\n                    <\/div>\n                    <div class=\"cell\">\n                        <div class=\"phone\">\n                            <a href=\"https:\/\/immo24seven.at\/wordpress\/index.php\/property\/gewerbeobjekt\/\" class=\"btn btn-primary\"> Einzelheiten <i class=\"fa fa-angle-right fa-right\"><\/i><\/a>\n                        <\/div>\n                    <\/div>\n                <\/div>\n            <\/div>\n\n        <\/div>\n    <\/div>\n    <\/div>\n\n            <\/div>\n        <\/div>\n\n        [vc_empty_space height=&#8220;30&#8243;][\/vc_column][vc_column width=&#8220;1\/2&#8243;]\n        <div id=\"property-item-module\" class=\"property-item-module\">\n            <div class=\"row grid-row\">\n\n                <div id=\"ID-2816\" class=\"item-wrap\">\n    <div class=\"property-item item-grid\">\n        <div class=\"figure-block\">\n            <figure class=\"item-thumb\">\n                \n                <div class=\"label-wrap label-right hide-on-list\">\n                    <span class=\"label-status label-status-31 label label-default\"><a href=\"https:\/\/immo24seven.at\/wordpress\/index.php\/status\/mieten\/\">Mieten<\/a><\/span>                <\/div>\n\n                <div class=\"price hide-on-list\">\n                    <span class=\"item-price item-price-text\">\u20ac 5,90 pro qm<\/span>                <\/div>\n                <a class=\"hover-effect\" href=\"https:\/\/immo24seven.at\/wordpress\/index.php\/property\/business-castle\/\">\n                    <img decoding=\"async\" width=\"385\" height=\"258\" src=\"https:\/\/immo24seven.at\/wordpress\/wp-content\/uploads\/2020\/05\/Business-385x258.png\" class=\"attachment-houzez-property-thumb-image size-houzez-property-thumb-image wp-post-image\" alt=\"Business Castle St. Michael\" srcset=\"https:\/\/immo24seven.at\/wordpress\/wp-content\/uploads\/2020\/05\/Business-385x258.png 385w, https:\/\/immo24seven.at\/wordpress\/wp-content\/uploads\/2020\/05\/Business-272x182.png 272w\" sizes=\"(max-width: 385px) 100vw, 385px\" \/>                <\/a>\n                <ul class=\"actions\">\n\n    \n        \n        <li>\n        <span data-toggle=\"tooltip\" data-placement=\"top\" title=\"(13) \">\n            <i class=\"fa fa-camera\"><\/i>\n        <\/span>\n    <\/li>\n    \n        <li>\n        <span id=\"compare-link-2816\" class=\"compare-property\" data-propid=\"2816\" data-toggle=\"tooltip\" data-placement=\"top\" title=\"Vergleichen\">\n            <i class=\"fa fa-plus\"><\/i>\n        <\/span>\n    <\/li>\n    <\/ul>\n            <\/figure>\n        <\/div>\n        <div class=\"item-body\">\n\n            <div class=\"body-left\">\n                <div class=\"info-row\">\n\n                    <h3 class=\"property-title\"><a href=\"https:\/\/immo24seven.at\/wordpress\/index.php\/property\/business-castle\/\">Business Castle<\/a><\/h3><address class=\"property-address\">9, Murweg, Sankt Michael in Obersteiermark, 8770, \u00d6sterreich<\/address>                <\/div>\n                <div class=\"table-list full-width info-row\">\n                    <div class=\"cell\">\n                        <div class=\"info-row amenities\">\n                            <p><span class=\"h-area\">m\u00b2: 1214<\/span><\/p>                            <p>B\u00fcro<\/p>\n                        <\/div>\n                    <\/div>\n                    <div class=\"cell\">\n                        <div class=\"phone\">\n                            <a href=\"https:\/\/immo24seven.at\/wordpress\/index.php\/property\/business-castle\/\" class=\"btn btn-primary\"> Einzelheiten <i class=\"fa fa-angle-right fa-right\"><\/i><\/a>\n                        <\/div>\n                    <\/div>\n                <\/div>\n            <\/div>\n\n        <\/div>\n    <\/div>\n    <\/div>\n\n            <\/div>\n        <\/div>\n\n        [vc_empty_space height=&#8220;30&#8243;][\/vc_column][\/vc_row][vc_row][vc_column width=&#8220;1\/2&#8243;]\n        <div id=\"property-item-module\" class=\"property-item-module\">\n            <div class=\"row grid-row\">\n\n                <div class=\"item-wrap\"><h4 class=\"not-found\">Leider keine Ergebnisse gefunden<\/h4><\/div>\n\n            <\/div>\n        <\/div>\n\n        [vc_empty_space height=&#8220;30&#8243;][\/vc_column][vc_column width=&#8220;1\/2&#8243;]\n        <div id=\"property-item-module\" class=\"property-item-module\">\n            <div class=\"row grid-row\">\n\n                <div class=\"item-wrap\"><h4 class=\"not-found\">Leider keine Ergebnisse gefunden<\/h4><\/div>\n\n            <\/div>\n        <\/div>\n\n        [vc_empty_space height=&#8220;30&#8243;][\/vc_column][\/vc_row][vc_row][vc_column][vc_empty_space height=&#8220;100&#8243;][\/vc_column][\/vc_row]<\/p>\n<\/div>","protected":false},"excerpt":{"rendered":"<p>[vc_row][vc_column][vc_empty_space height=&#8220;100&#8243;][vc_column_text] 24seven Immobilien GmbH Nutzen Sie die Vorteile einer professionellen Immobilienvermittlung und kontaktieren Sie uns. Unsere Ansprechpartner stehen Ihnen gerne telefonisch oder per E-Mail zur Verf\u00fcgung. [\/vc_column_text][vc_empty_space height=&#8220;60&#8243;][\/vc_column][\/vc_row][vc_row][vc_column width=&#8220;1\/2&#8243;][vc_empty_space height=&#8220;30&#8243;][\/vc_column][vc_column width=&#8220;1\/2&#8243;][vc_empty_space height=&#8220;30&#8243;][\/vc_column][\/vc_row][vc_row][vc_column width=&#8220;1\/2&#8243;][vc_empty_space height=&#8220;30&#8243;][\/vc_column][vc_column width=&#8220;1\/2&#8243;][vc_empty_space height=&#8220;30&#8243;][\/vc_column][\/vc_row][vc_row][vc_column][vc_empty_space height=&#8220;100&#8243;][\/vc_column][\/vc_row]<\/p>\n","protected":false},"author":1,"featured_media":0,"parent":0,"menu_order":0,"comment_status":"closed","ping_status":"closed","template":"template\/template-homepage.php","meta":{"footnotes":""},"_links":{"self":[{"href":"https:\/\/immo24seven.at\/wordpress\/index.php\/wp-json\/wp\/v2\/pages\/194"}],"collection":[{"href":"https:\/\/immo24seven.at\/wordpress\/index.php\/wp-json\/wp\/v2\/pages"}],"about":[{"href":"https:\/\/immo24seven.at\/wordpress\/index.php\/wp-json\/wp\/v2\/types\/page"}],"author":[{"embeddable":true,"href":"https:\/\/immo24seven.at\/wordpress\/index.php\/wp-json\/wp\/v2\/users\/1"}],"replies":[{"embeddable":true,"href":"https:\/\/immo24seven.at\/wordpress\/index.php\/wp-json\/wp\/v2\/comments?post=194"}],"version-history":[{"count":16,"href":"https:\/\/immo24seven.at\/wordpress\/index.php\/wp-json\/wp\/v2\/pages\/194\/revisions"}],"predecessor-version":[{"id":2892,"href":"https:\/\/immo24seven.at\/wordpress\/index.php\/wp-json\/wp\/v2\/pages\/194\/revisions\/2892"}],"wp:attachment":[{"href":"https:\/\/immo24seven.at\/wordpress\/index.php\/wp-json\/wp\/v2\/media?parent=194"}],"curies":[{"name":"wp","href":"https:\/\/api.w.org\/{rel}","templated":true}]}}