{"id":748,"date":"2016-03-10T18:52:12","date_gmt":"2016-03-10T18:52:12","guid":{"rendered":"https:\/\/houzez05.favethemes.com\/?page_id=748"},"modified":"2025-10-13T12:08:46","modified_gmt":"2025-10-13T10:08:46","slug":"privacy","status":"publish","type":"page","link":"https:\/\/immo24seven.at\/wordpress\/index.php\/privacy\/","title":{"rendered":"Impressum"},"content":{"rendered":"<div id=\"pl-748\"  class=\"panel-layout\" ><div id=\"pg-748-0\"  class=\"panel-grid panel-no-style\" ><div id=\"pgc-748-0-0\"  class=\"panel-grid-cell\" ><div id=\"panel-748-0-0-0\" class=\"so-panel widget widget_sow-editor panel-first-child panel-last-child\" data-index=\"0\" ><div\n\t\t\t\n\t\t\tclass=\"so-widget-sow-editor so-widget-sow-editor-base\"\n\t\t\t\n\t\t>\n<div class=\"siteorigin-widget-tinymce textwidget\">\n\t<p>24SEVEN Immobilien GmbH<br \/>\nBruckerstra\u00dfe 132<br \/>\n8600 Bruck Mur<br \/>\nTel.:<a href=\"tel:+4342742737\"> +436606670444<br \/>\n<\/a><\/p>\n<p>Mail: <a href=\"mailto:info@immo24seven.at\">info@immo24seven.at<\/a><br \/>\nWeb: <a href=\"http:\/\/www.immo24seven.at\">www.immo24seven.at<\/a><\/p>\n<h3><a href=\"https:\/\/firmen.wko.at\/Web\/DetailsKontakt.aspx?FirmaID=f1a02e04-2231-4dbd-8c97-144c3e5bcc0c&amp;StandortID=0&amp;Suchbegriff=24seven%20Immobilien%20GmbH&amp;Page=1\"><img decoding=\"async\" class=\"alignnone size-full wp-image-2644\" src=\"http:\/\/immo24seven.at\/wordpress\/wp-content\/uploads\/2020\/05\/wko.jpg\" alt=\"\" width=\"169\" height=\"23\" srcset=\"https:\/\/immo24seven.at\/wordpress\/wp-content\/uploads\/2020\/05\/wko.jpg 169w, https:\/\/immo24seven.at\/wordpress\/wp-content\/uploads\/2020\/05\/wko-150x20.jpg 150w\" sizes=\"(max-width: 169px) 100vw, 169px\" \/><\/a><\/h3>\n<h3>Gesch\u00e4ftsleitung<\/h3>\n<p>Dietmar Pucher<\/p>\n<h3>Wirtschaftsdaten<\/h3>\n<p>Firmenbuchgericht: Landesgericht Leoben<br \/>\nUID-Nummer: ATU73223326<br \/>\nRechtsform: Gesellschaft mit beschr\u00e4nkter Haftung<\/p>\n<p>Bruckerstra\u00dfe 132<br \/>\n8600 Bruck Mur<\/p>\n<p>Niederlassung: 24SEVEN Immobilien GmbH, Josef-Hei\u00dfl-Stra\u00dfe 5, 8700 Leoben<\/p>\n<p>&nbsp;<\/p>\n<h3>Bankdaten<\/h3>\n<p>Raiffeisen Schilcherland<\/p>\n<p>IBAN: AT48 3837 5000 0001 3516<\/p>\n<p>BIC: RZSTAT2G375<\/p>\n<h3>Copyright<\/h3>\n<p>Der Inhalt dieser Website ist urheberrechtlich gesch\u00fctzt und unterliegt dem Copyright der 24SEVEN Immobilien GmbH. Bilder, Audio- und Videodateien unterliegen \u2013 wenn nicht anders angegeben \u2013 dem Copyright des Betreibers. Eine Reproduktion oder Wiedergabe des Ganzen oder von Teilen in jedweder Form bedarf der ausdr\u00fccklichen schriftlichen Genehmigung durch die 24seven Immobilien GmbH. \u00a92018<\/p>\n<h3>Haftungsausschluss<\/h3>\n<p>Die 24SEVEN Immobilien GmbH \u00fcbernimmt keinerlei Gew\u00e4hr f\u00fcr die Aktualit\u00e4t, Korrektheit, Vollst\u00e4ndigkeit oder Qualit\u00e4t der bereitgestellten Informationen. Haftungsanspr\u00fcche gegen uns, welche sich auf Sch\u00e4den materieller oder ideeller Art beziehen, die durch die Nutzung oder Nichtnutzung der dargebotenen Informationen bzw. durch die Nutzung fehlerhafter und unvollst\u00e4ndiger Informationen verursacht wurden, sind grunds\u00e4tzlich ausgeschlossen, sofern gesetzlich nicht zwingend gehaftet wird. Alle Angebote sind freibleibend und unverbindlich. Wir behalten uns ausdr\u00fccklich vor, Teile der Seiten oder das gesamte Angebot ohne gesonderte Ank\u00fcndigung zu ver\u00e4ndern, zu erg\u00e4nzen, zu l\u00f6schen oder die Ver\u00f6ffentlichung zeitweise oder endg\u00fcltig einzustellen.<br \/>\nWir \u00fcbernehmen keine Verantwortung f\u00fcr die Inhalte fremder Angebote. Seiten, auf die wir durch externe Links unmittelbar verweisen, werden von uns vor dem Setzen des Links sorgf\u00e4ltig ausgew\u00e4hlt. Auf sp\u00e4tere \u00c4nderungen von unmittelbar verlinkten Seiten sowie auf Inhalte nachfolgender Seiten fremder Angebote haben wir jedoch keinen Einfluss. Wir distanzieren uns daher ausdr\u00fccklich von sp\u00e4teren \u00c4nderungen unmittelbar verlinkter Seiten, den Inhalten auf nachfolgenden Seiten sowie deren Anbietern.<\/p>\n<h3>Hinweis zur Nutzung der Website<\/h3>\n<p>S\u00e4mtliche Texte und Bilder auf dieser Website sind Eigentum der 24seven Immobilien GmbH. Vervielf\u00e4ltigung von Informationen oder Daten bedarf der Zustimmung. Wenden Sie sich bitte an <a href=\"mailto:info@immo24seven.at\">info@immo24seven.at<\/a> oder 03842\/32 202<\/p>\n<\/div>\n<\/div><\/div><\/div><\/div><\/div>","protected":false},"excerpt":{"rendered":"<p>24SEVEN Immobilien GmbH Bruckerstra\u00dfe 132 8600 Bruck Mur Tel.: +436606670444 Mail: info@immo24seven.at Web: www.immo24seven.at Gesch\u00e4ftsleitung Dietmar Pucher Wirtschaftsdaten Firmenbuchgericht: Landesgericht Leoben UID-Nummer: ATU73223326 Rechtsform: Gesellschaft mit beschr\u00e4nkter Haftung Bruckerstra\u00dfe 132 8600 Bruck Mur Niederlassung: 24SEVEN Immobilien GmbH, Josef-Hei\u00dfl-Stra\u00dfe 5, 8700 Leoben &nbsp; Bankdaten Raiffeisen Schilcherland IBAN: AT48 3837 5000 0001 3516 BIC: RZSTAT2G375 Copyright Der [&hellip;]<\/p>\n","protected":false},"author":1,"featured_media":0,"parent":0,"menu_order":0,"comment_status":"closed","ping_status":"closed","template":"","meta":{"footnotes":""},"_links":{"self":[{"href":"https:\/\/immo24seven.at\/wordpress\/index.php\/wp-json\/wp\/v2\/pages\/748"}],"collection":[{"href":"https:\/\/immo24seven.at\/wordpress\/index.php\/wp-json\/wp\/v2\/pages"}],"about":[{"href":"https:\/\/immo24seven.at\/wordpress\/index.php\/wp-json\/wp\/v2\/types\/page"}],"author":[{"embeddable":true,"href":"https:\/\/immo24seven.at\/wordpress\/index.php\/wp-json\/wp\/v2\/users\/1"}],"replies":[{"embeddable":true,"href":"https:\/\/immo24seven.at\/wordpress\/index.php\/wp-json\/wp\/v2\/comments?post=748"}],"version-history":[{"count":7,"href":"https:\/\/immo24seven.at\/wordpress\/index.php\/wp-json\/wp\/v2\/pages\/748\/revisions"}],"predecessor-version":[{"id":2982,"href":"https:\/\/immo24seven.at\/wordpress\/index.php\/wp-json\/wp\/v2\/pages\/748\/revisions\/2982"}],"wp:attachment":[{"href":"https:\/\/immo24seven.at\/wordpress\/index.php\/wp-json\/wp\/v2\/media?parent=748"}],"curies":[{"name":"wp","href":"https:\/\/api.w.org\/{rel}","templated":true}]}}